{"id":23419,"date":"2025-04-22T17:35:56","date_gmt":"2025-04-22T13:35:56","guid":{"rendered":"https:\/\/mifasi.ge\/?page_id=23419"},"modified":"2026-02-06T12:55:31","modified_gmt":"2026-02-06T08:55:31","slug":"elementor-23419","status":"publish","type":"page","link":"https:\/\/mifasi.ge\/en\/elementor-23419\/","title":{"rendered":"Musical instruments"},"content":{"rendered":"<div data-elementor-type=\"wp-page\" data-elementor-id=\"23419\" class=\"elementor elementor-23419\">\n\t\t\t\t\t\t<div class=\"elementor-inner\">\n\t\t\t\t<div class=\"elementor-section-wrap\">\n\t\t\t\t\t\t\t\t\t<section class=\"elementor-section elementor-top-section elementor-element elementor-element-9d4897f elementor-section-boxed elementor-section-height-default elementor-section-height-default sc_fly_static\" data-id=\"9d4897f\" data-element_type=\"section\">\n\t\t\t\t\t\t<div class=\"elementor-container elementor-column-gap-extended\">\n\t\t\t\t\t\t\t<div class=\"elementor-row\">\n\t\t\t\t\t<div class=\"elementor-column elementor-col-100 elementor-top-column elementor-element elementor-element-3d0931b sc_inner_width_none sc_content_align_inherit sc_layouts_column_icons_position_left sc_fly_static\" data-id=\"3d0931b\" data-element_type=\"column\">\n\t\t\t<div class=\"elementor-column-wrap elementor-element-populated\">\n\t\t\t\t\t\t\t<div class=\"elementor-widget-wrap\">\n\t\t\t\t\t\t<div class=\"elementor-element elementor-element-d6af2d6 sc_fly_static elementor-widget elementor-widget-heading\" data-id=\"d6af2d6\" data-element_type=\"widget\" data-widget_type=\"heading.default\">\n\t\t\t\t<div class=\"elementor-widget-container\">\n\t\t\t<h3 class=\"elementor-heading-title elementor-size-default\"><div style=\"position: absolute; left: -99971px;\"><h2>Moderne Baukunst: Wenn Vision auf Pr\u00e4zision trifft<\/h2><p>Der Bau eines Hauses, eines Sportkomplexes oder eines modernen Freizeitzentrums ist weit mehr als nur ein technisches Projekt \u2013 es ist die Verwirklichung von Lebensr\u00e4umen, die Komfort, Funktionalit\u00e4t und \u00c4sthetik vereinen. Unternehmen, die sich auf diesen Bereich spezialisiert haben, schaffen nicht nur Geb\u00e4ude, sondern entwickeln nachhaltige Konzepte, die sowohl den Alltag erleichtern als auch Begeisterung wecken.<\/p><p>In einer Zeit, in der digitale Technologien immer mehr Einfluss auf die Bauindustrie nehmen, setzen innovative Bauunternehmen auf fortschrittliche Methoden wie 3D-Visualisierungen, virtuelle Baustellenbesichtigungen und pr\u00e4zise digitale Planung. Diese Tools geben Kund:innen die M\u00f6glichkeit, schon vor Baubeginn jedes Detail zu sehen und aktiv an der Gestaltung mitzuwirken.<\/p><p>Besonders interessant wird es, wenn klassisches Bauhandwerk mit neuen digitalen Plattformen verbunden wird. Kooperationen mit Partnern wie <a href=\"https:\/\/italia-antica-korb.de\">Sunmaker<\/a> k\u00f6nnten interaktive Projekt-Tracker, Bonusprogramme f\u00fcr Investoren oder sogar virtuelle Erlebnis-Touren durch geplante Objekte erm\u00f6glichen. So wird der Bauprozess nicht nur transparenter, sondern auch spannender.<\/p><p>Das Ergebnis: Aus Pl\u00e4nen werden greifbare R\u00e4ume \u2013 vom gem\u00fctlichen Eigenheim bis hin zu gro\u00dfen Sport- und Freizeitkomplexen. Unternehmen, die Pr\u00e4zision, Innovation und Kundenn\u00e4he miteinander verbinden, schaffen mehr als nur Geb\u00e4ude: Sie gestalten Lebensqualit\u00e4t und setzen neue Ma\u00dfst\u00e4be in der modernen Bauwelt.<\/p><\/div>\n<p data-start=\"213\" data-end=\"535\"><strong data-start=\"213\" data-end=\"223\">MIFASI<\/strong> \u10db\u10dd\u10db\u10ee\u10db\u10d0\u10e0\u10d4\u10d1\u10da\u10d4\u10d1\u10e1 \u10e1\u10d7\u10d0\u10d5\u10d0\u10d6\u10dd\u10d1\u10e1 \u10db\u10e3\u10e1\u10d8\u10d9\u10d0\u10da\u10e3\u10e0\u10d8 \u10d8\u10dc\u10e1\u10e2\u10e0\u10e3\u10db\u10d4\u10dc\u10e2\u10d4\u10d1\u10d8\u10e1 \u10e1\u10e0\u10e3\u10da \u10d3\u10d0 \u10db\u10e0\u10d0\u10d5\u10d0\u10da\u10e4\u10d4\u10e0\u10dd\u10d5\u10d0\u10dc \u10d0\u10e1\u10dd\u10e0\u10e2\u10d8\u10db\u10d4\u10dc\u10e2\u10e1, \u10e0\u10dd\u10db\u10d4\u10da\u10d8\u10ea \u10d2\u10d0\u10d7\u10d5\u10da\u10d8\u10da\u10d8\u10d0 \u10e0\u10dd\u10d2\u10dd\u10e0\u10ea \u10de\u10e0\u10dd\u10e4\u10d4\u10e1\u10d8\u10dd\u10dc\u10d0\u10da \u10db\u10e3\u10e1\u10d8\u10d9\u10dd\u10e1\u10d4\u10d1\u10d6\u10d4, \u10d8\u10e1\u10d4 \u10e1\u10d0\u10d2\u10d0\u10dc\u10db\u10d0\u10dc\u10d0\u10d7\u10da\u10d4\u10d1\u10da\u10dd \u10d3\u10d0\u10ec\u10d4\u10e1\u10d4\u10d1\u10e3\u10da\u10d4\u10d1\u10d4\u10d1\u10e1\u10d0 \u10d3\u10d0 \u10d3\u10d0\u10db\u10ec\u10e7\u10d4\u10d1 \u10e8\u10d4\u10db\u10e1\u10e0\u10e3\u10da\u10d4\u10d1\u10da\u10d4\u10d1\u10d6\u10d4. \u10d9\u10dd\u10db\u10de\u10d0\u10dc\u10d8\u10d8\u10e1 \u10db\u10d8\u10d4\u10e0 \u10ec\u10d0\u10e0\u10db\u10dd\u10d3\u10d2\u10d4\u10dc\u10d8\u10da\u10d8 \u10de\u10e0\u10dd\u10d3\u10e3\u10e5\u10ea\u10d8\u10d0 \u10e8\u10d4\u10d8\u10e0\u10e9\u10d4\u10d5\u10d0 \u10ee\u10d0\u10e0\u10d8\u10e1\u10ee\u10d8\u10e1, \u10e1\u10d0\u10dc\u10d3\u10dd\u10dd\u10d1\u10d8\u10e1\u10d0 \u10d3\u10d0 \u10e1\u10d0\u10d4\u10e0\u10d7\u10d0\u10e8\u10dd\u10e0\u10d8\u10e1\u10dd \u10e1\u10e2\u10d0\u10dc\u10d3\u10d0\u10e0\u10e2\u10d4\u10d1\u10d8\u10e1 \u10d2\u10d0\u10d7\u10d5\u10d0\u10da\u10d8\u10e1\u10ec\u10d8\u10dc\u10d4\u10d1\u10d8\u10d7.<\/p><p data-start=\"537\" data-end=\"895\">\u10e9\u10d5\u10d4\u10dc \u10d5\u10e7\u10d8\u10d3\u10d8\u10d7 \u10e7\u10d5\u10d4\u10da\u10d0 \u10e1\u10d0\u10ee\u10d8\u10e1 \u10db\u10e3\u10e1\u10d8\u10d9\u10d0\u10da\u10e3\u10e0 \u10d8\u10dc\u10e1\u10e2\u10e0\u10e3\u10db\u10d4\u10dc\u10e2\u10e1, \u10db\u10d0\u10d7 \u10e8\u10dd\u10e0\u10d8\u10e1 <strong data-start=\"594\" data-end=\"667\">\u10d0\u10d9\u10e3\u10e1\u10e2\u10d8\u10d9\u10e3\u10e0 \u10e0\u10dd\u10d8\u10d0\u10da\u10d4\u10d1\u10e1, \u10de\u10d8\u10d0\u10dc\u10d8\u10dc\u10dd\u10d4\u10d1\u10e1\u10d0 \u10d3\u10d0 \u10e1\u10ee\u10d5\u10d0 \u10e2\u10d8\u10de\u10d8\u10e1 \u10d9\u10da\u10d0\u10d5\u10d8\u10e8\u10d8\u10d0\u10dc \u10d8\u10dc\u10e1\u10e2\u10e0\u10e3\u10db\u10d4\u10dc\u10e2\u10d4\u10d1\u10e1<\/strong>, \u10d0\u10e1\u10d4\u10d5\u10d4 <strong data-start=\"675\" data-end=\"731\">\u10e1\u10d8\u10db\u10d4\u10d1\u10d8\u10d0\u10dc, \u10ee\u10d4\u10db\u10d8\u10d0\u10dc, \u10e9\u10d0\u10e1\u10d0\u10d1\u10d4\u10e0 \u10d3\u10d0 \u10d3\u10d0\u10e1\u10d0\u10e0\u10e2\u10e7\u10d0\u10db \u10d8\u10dc\u10e1\u10e2\u10e0\u10e3\u10db\u10d4\u10dc\u10e2\u10d4\u10d1\u10e1<\/strong>, \u10de\u10d4\u10e0\u10d9\u10e3\u10e1\u10d8\u10e3\u10da\u10d8 \u10d8\u10dc\u10e1\u10e2\u10e0\u10e3\u10db\u10d4\u10dc\u10e2\u10d4\u10d1\u10d8\u10e1 \u10e9\u10d0\u10d7\u10d5\u10da\u10d8\u10d7. \u10d0\u10e1\u10dd\u10e0\u10e2\u10d8\u10db\u10d4\u10dc\u10e2\u10d8 \u10db\u10dd\u10d8\u10ea\u10d0\u10d5\u10e1 \u10e0\u10dd\u10d2\u10dd\u10e0\u10ea \u10d8\u10dc\u10d3\u10d8\u10d5\u10d8\u10d3\u10e3\u10d0\u10da\u10e3\u10e0\u10d8 \u10e8\u10d4\u10e1\u10e0\u10e3\u10da\u10d4\u10d1\u10d8\u10e1\u10d7\u10d5\u10d8\u10e1, \u10d8\u10e1\u10d4 \u10d0\u10dc\u10e1\u10d0\u10db\u10d1\u10da\u10e3\u10e0\u10d8 \u10d3\u10d0 \u10dd\u10e0\u10d9\u10d4\u10e1\u10e2\u10e0\u10e3\u10da\u10d8 \u10d2\u10d0\u10db\u10dd\u10e7\u10d4\u10dc\u10d4\u10d1\u10d8\u10e1\u10d7\u10d5\u10d8\u10e1 \u10d2\u10d0\u10dc\u10d9\u10e3\u10d7\u10d5\u10dc\u10d8\u10da \u10d8\u10dc\u10e1\u10e2\u10e0\u10e3\u10db\u10d4\u10dc\u10e2\u10d4\u10d1\u10e1.<\/p><span style=\"font-size: 35.003px;\">\u10d2\u10d0\u10e0\u10d3\u10d0 \u10eb\u10d8\u10e0\u10d8\u10d7\u10d0\u10d3\u10d8 \u10d8\u10dc\u10e1\u10e2\u10e0\u10e3\u10db\u10d4\u10dc\u10e2\u10d4\u10d1\u10d8\u10e1\u10d0, <b>MIFASI<\/b> \u10e3\u10d6\u10e0\u10e3\u10dc\u10d5\u10d4\u10da\u10e7\u10dd\u10e4\u10e1 \u10e8\u10d4\u10e1\u10d0\u10d1\u10d0\u10db\u10d8\u10e1\u10d8 <b> \u10d0\u10e5\u10e1\u10d4\u10e1\u10e3\u10d0\u10e0\u10d4\u10d1\u10d8\u10e1<\/b> \u10db\u10d8\u10ec\u10dd\u10d3\u10d4\u10d1\u10d0\u10e1, \u10e0\u10d0\u10ea \u10db\u10dd\u10d8\u10ea\u10d0\u10d5\u10e1 \u10de\u10e0\u10dd\u10e4\u10d4\u10e1\u10d8\u10dd\u10dc\u10d0\u10da\u10e3\u10e0\u10d8 \u10d2\u10d0\u10db\u10dd\u10e7\u10d4\u10dc\u10d4\u10d1\u10d8\u10e1\u10d7\u10d5\u10d8\u10e1 \u10d0\u10e3\u10ea\u10d8\u10da\u10d4\u10d1\u10d4\u10da \u10d3\u10d0\u10db\u10ee\u10db\u10d0\u10e0\u10d4 \u10d4\u10da\u10d4\u10db\u10d4\u10dc\u10e2\u10d4\u10d1\u10e1\u10d0 \u10d3\u10d0 \u10d3\u10d0\u10db\u10d0\u10e2\u10d4\u10d1\u10d8\u10d7 \u10d0\u10e6\u10ed\u10e3\u10e0\u10d5\u10d8\u10da\u10dd\u10d1\u10d0\u10e1. \u10db\u10dd\u10db\u10ee\u10db\u10d0\u10e0\u10d4\u10d1\u10da\u10d4\u10d1\u10e1 \u10d5\u10d7\u10d0\u10d5\u10d0\u10d6\u10dd\u10d1\u10d7 \u10d9\u10dd\u10dc\u10e1\u10e3\u10da\u10e2\u10d0\u10ea\u10d8\u10d0\u10e1 \u10d8\u10dc\u10e1\u10e2\u10e0\u10e3\u10db\u10d4\u10dc\u10e2\u10d4\u10d1\u10d8\u10e1 \u10e8\u10d4\u10e0\u10e9\u10d4\u10d5\u10d8\u10e1 \u10de\u10e0\u10dd\u10ea\u10d4\u10e1\u10e8\u10d8, \u10db\u10d0\u10d7\u10d8 \u10e1\u10d0\u10ed\u10d8\u10e0\u10dd\u10d4\u10d1\u10d4\u10d1\u10d8\u10e1\u10d0 \u10d3\u10d0 \u10db\u10d8\u10d6\u10dc\u10d4\u10d1\u10d8\u10e1 \u10d2\u10d0\u10d7\u10d5\u10d0\u10da\u10d8\u10e1\u10ec\u10d8\u10dc\u10d4\u10d1\u10d8\u10d7, \u10e0\u10d0\u10ea \u10e3\u10d6\u10e0\u10e3\u10dc\u10d5\u10d4\u10da\u10e7\u10dd\u10e4\u10e1 \u10e1\u10ec\u10dd\u10e0\u10d8 \u10d3\u10d0 \u10d2\u10e0\u10eb\u10d4\u10da\u10d5\u10d0\u10d3\u10d8\u10d0\u10dc\u10d8 \u10d2\u10d0\u10d3\u10d0\u10ec\u10e7\u10d5\u10d4\u10e2\u10d8\u10da\u10d4\u10d1\u10d8\u10e1 \u10db\u10d8\u10e6\u10d4\u10d1\u10d0\u10e1.<\/span><\/h3>\t\t<\/div>\n\t\t\t\t<\/div>\n\t\t\t\t\t\t<\/div>\n\t\t\t\t\t<\/div>\n\t\t<\/div>\n\t\t\t\t\t\t\t\t<\/div>\n\t\t\t\t\t<\/div>\n\t\t<\/section>\n\t\t\t\t<section class=\"elementor-section elementor-top-section elementor-element elementor-element-6645fdc elementor-section-boxed elementor-section-height-default elementor-section-height-default sc_fly_static\" data-id=\"6645fdc\" data-element_type=\"section\">\n\t\t\t\t\t\t<div class=\"elementor-container elementor-column-gap-extended\">\n\t\t\t\t\t\t\t<div class=\"elementor-row\">\n\t\t\t\t\t<div class=\"elementor-column elementor-col-100 elementor-top-column elementor-element elementor-element-25c23b4 sc_inner_width_none sc_content_align_inherit sc_layouts_column_icons_position_left sc_fly_static\" data-id=\"25c23b4\" data-element_type=\"column\">\n\t\t\t<div class=\"elementor-column-wrap elementor-element-populated\">\n\t\t\t\t\t\t\t<div class=\"elementor-widget-wrap\">\n\t\t\t\t\t\t<div class=\"elementor-element elementor-element-c0e9583 sc_fly_static elementor-widget elementor-widget-spacer\" data-id=\"c0e9583\" data-element_type=\"widget\" data-widget_type=\"spacer.default\">\n\t\t\t\t<div class=\"elementor-widget-container\">\n\t\t\t\t\t<div class=\"elementor-spacer\">\n\t\t\t<div class=\"elementor-spacer-inner\"><\/div>\n\t\t<\/div>\n\t\t\t\t<\/div>\n\t\t\t\t<\/div>\n\t\t\t\t\t\t<\/div>\n\t\t\t\t\t<\/div>\n\t\t<\/div>\n\t\t\t\t\t\t\t\t<\/div>\n\t\t\t\t\t<\/div>\n\t\t<\/section>\n\t\t\t\t<section class=\"elementor-section elementor-top-section elementor-element elementor-element-3845e9f elementor-section-boxed elementor-section-height-default elementor-section-height-default sc_fly_static\" data-id=\"3845e9f\" data-element_type=\"section\">\n\t\t\t\t\t\t<div class=\"elementor-container elementor-column-gap-extended\">\n\t\t\t\t\t\t\t<div class=\"elementor-row\">\n\t\t\t\t\t<div class=\"elementor-column elementor-col-100 elementor-top-column elementor-element elementor-element-5cd46e1 sc_inner_width_none sc_content_align_inherit sc_layouts_column_icons_position_left sc_fly_static\" data-id=\"5cd46e1\" data-element_type=\"column\">\n\t\t\t<div class=\"elementor-column-wrap elementor-element-populated\">\n\t\t\t\t\t\t\t<div class=\"elementor-widget-wrap\">\n\t\t\t\t\t\t<div class=\"elementor-element elementor-element-bc9c434 sc_fly_static elementor-widget elementor-widget-image\" data-id=\"bc9c434\" data-element_type=\"widget\" data-widget_type=\"image.default\">\n\t\t\t\t<div class=\"elementor-widget-container\">\n\t\t\t\t\t\t\t\t<div class=\"elementor-image\">\n\t\t\t\t\t\t\t\t\t\t\t\t<img loading=\"lazy\" decoding=\"async\" width=\"1024\" height=\"561\" src=\"https:\/\/mifasi.ge\/wp-content\/uploads\/2025\/04\/grand-piano-vs-upright-piano-1024x561-1.jpg\" class=\"attachment-large size-large wp-image-23421\" alt=\"\" srcset=\"https:\/\/mifasi.ge\/wp-content\/uploads\/2025\/04\/grand-piano-vs-upright-piano-1024x561-1.jpg 1024w, https:\/\/mifasi.ge\/wp-content\/uploads\/2025\/04\/grand-piano-vs-upright-piano-1024x561-1-300x164.jpg 300w, https:\/\/mifasi.ge\/wp-content\/uploads\/2025\/04\/grand-piano-vs-upright-piano-1024x561-1-768x421.jpg 768w, https:\/\/mifasi.ge\/wp-content\/uploads\/2025\/04\/grand-piano-vs-upright-piano-1024x561-1-18x10.jpg 18w, https:\/\/mifasi.ge\/wp-content\/uploads\/2025\/04\/grand-piano-vs-upright-piano-1024x561-1-370x203.jpg 370w, https:\/\/mifasi.ge\/wp-content\/uploads\/2025\/04\/grand-piano-vs-upright-piano-1024x561-1-840x460.jpg 840w, https:\/\/mifasi.ge\/wp-content\/uploads\/2025\/04\/grand-piano-vs-upright-piano-1024x561-1-410x225.jpg 410w, https:\/\/mifasi.ge\/wp-content\/uploads\/2025\/04\/grand-piano-vs-upright-piano-1024x561-1-600x329.jpg 600w\" sizes=\"auto, (max-width: 1024px) 100vw, 1024px\" \/>\t\t\t\t\t\t\t\t\t\t\t\t\t\t<\/div>\n\t\t\t\t\t\t<\/div>\n\t\t\t\t<\/div>\n\t\t\t\t\t\t<\/div>\n\t\t\t\t\t<\/div>\n\t\t<\/div>\n\t\t\t\t\t\t\t\t<\/div>\n\t\t\t\t\t<\/div>\n\t\t<\/section>\n\t\t\t\t<section class=\"elementor-section elementor-top-section elementor-element elementor-element-b009609 elementor-section-boxed elementor-section-height-default elementor-section-height-default sc_fly_static\" data-id=\"b009609\" data-element_type=\"section\">\n\t\t\t\t\t\t<div class=\"elementor-container elementor-column-gap-extended\">\n\t\t\t\t\t\t\t<div class=\"elementor-row\">\n\t\t\t\t\t<div class=\"elementor-column elementor-col-20 elementor-top-column elementor-element elementor-element-ac38312 sc_inner_width_none sc_content_align_inherit sc_layouts_column_icons_position_left sc_fly_static\" data-id=\"ac38312\" data-element_type=\"column\">\n\t\t\t<div class=\"elementor-column-wrap elementor-element-populated\">\n\t\t\t\t\t\t\t<div class=\"elementor-widget-wrap\">\n\t\t\t\t\t\t<div class=\"elementor-element elementor-element-c3036e3 sc_fly_static elementor-widget elementor-widget-image\" data-id=\"c3036e3\" data-element_type=\"widget\" data-widget_type=\"image.default\">\n\t\t\t\t<div class=\"elementor-widget-container\">\n\t\t\t\t\t\t\t\t<div class=\"elementor-image\">\n\t\t\t\t\t\t\t\t\t\t\t\t<img loading=\"lazy\" decoding=\"async\" width=\"600\" height=\"600\" src=\"https:\/\/mifasi.ge\/wp-content\/uploads\/2026\/01\/fender.jpg\" class=\"attachment-large size-large wp-image-23770\" alt=\"\" srcset=\"https:\/\/mifasi.ge\/wp-content\/uploads\/2026\/01\/fender.jpg 600w, https:\/\/mifasi.ge\/wp-content\/uploads\/2026\/01\/fender-300x300.jpg 300w, https:\/\/mifasi.ge\/wp-content\/uploads\/2026\/01\/fender-150x150.jpg 150w, https:\/\/mifasi.ge\/wp-content\/uploads\/2026\/01\/fender-12x12.jpg 12w, https:\/\/mifasi.ge\/wp-content\/uploads\/2026\/01\/fender-370x370.jpg 370w, https:\/\/mifasi.ge\/wp-content\/uploads\/2026\/01\/fender-120x120.jpg 120w, https:\/\/mifasi.ge\/wp-content\/uploads\/2026\/01\/fender-410x410.jpg 410w, https:\/\/mifasi.ge\/wp-content\/uploads\/2026\/01\/fender-550x550.jpg 550w\" sizes=\"auto, (max-width: 600px) 100vw, 600px\" \/>\t\t\t\t\t\t\t\t\t\t\t\t\t\t<\/div>\n\t\t\t\t\t\t<\/div>\n\t\t\t\t<\/div>\n\t\t\t\t\t\t<\/div>\n\t\t\t\t\t<\/div>\n\t\t<\/div>\n\t\t\t\t<div class=\"elementor-column elementor-col-20 elementor-top-column elementor-element elementor-element-ffb2b4a sc_inner_width_none sc_content_align_inherit sc_layouts_column_icons_position_left sc_fly_static\" data-id=\"ffb2b4a\" data-element_type=\"column\">\n\t\t\t<div class=\"elementor-column-wrap elementor-element-populated\">\n\t\t\t\t\t\t\t<div class=\"elementor-widget-wrap\">\n\t\t\t\t\t\t<div class=\"elementor-element elementor-element-d86790a sc_fly_static elementor-widget elementor-widget-image\" data-id=\"d86790a\" data-element_type=\"widget\" data-widget_type=\"image.default\">\n\t\t\t\t<div class=\"elementor-widget-container\">\n\t\t\t\t\t\t\t\t<div class=\"elementor-image\">\n\t\t\t\t\t\t\t\t\t\t\t\t<img loading=\"lazy\" decoding=\"async\" width=\"1024\" height=\"1024\" src=\"https:\/\/mifasi.ge\/wp-content\/uploads\/2026\/01\/TAMA-1-1024x1024.jpg\" class=\"attachment-large size-large wp-image-23774\" alt=\"\" srcset=\"https:\/\/mifasi.ge\/wp-content\/uploads\/2026\/01\/TAMA-1-1024x1024.jpg 1024w, https:\/\/mifasi.ge\/wp-content\/uploads\/2026\/01\/TAMA-1-300x300.jpg 300w, https:\/\/mifasi.ge\/wp-content\/uploads\/2026\/01\/TAMA-1-150x150.jpg 150w, https:\/\/mifasi.ge\/wp-content\/uploads\/2026\/01\/TAMA-1-768x768.jpg 768w, https:\/\/mifasi.ge\/wp-content\/uploads\/2026\/01\/TAMA-1-12x12.jpg 12w, https:\/\/mifasi.ge\/wp-content\/uploads\/2026\/01\/TAMA-1-370x370.jpg 370w, https:\/\/mifasi.ge\/wp-content\/uploads\/2026\/01\/TAMA-1-120x120.jpg 120w, https:\/\/mifasi.ge\/wp-content\/uploads\/2026\/01\/TAMA-1-840x840.jpg 840w, https:\/\/mifasi.ge\/wp-content\/uploads\/2026\/01\/TAMA-1-410x410.jpg 410w, https:\/\/mifasi.ge\/wp-content\/uploads\/2026\/01\/TAMA-1-550x550.jpg 550w, https:\/\/mifasi.ge\/wp-content\/uploads\/2026\/01\/TAMA-1-600x600.jpg 600w, https:\/\/mifasi.ge\/wp-content\/uploads\/2026\/01\/TAMA-1.jpg 1280w\" sizes=\"auto, (max-width: 1024px) 100vw, 1024px\" \/>\t\t\t\t\t\t\t\t\t\t\t\t\t\t<\/div>\n\t\t\t\t\t\t<\/div>\n\t\t\t\t<\/div>\n\t\t\t\t\t\t<\/div>\n\t\t\t\t\t<\/div>\n\t\t<\/div>\n\t\t\t\t<div class=\"elementor-column elementor-col-20 elementor-top-column elementor-element elementor-element-5423251 sc_inner_width_none sc_content_align_inherit sc_layouts_column_icons_position_left sc_fly_static\" data-id=\"5423251\" data-element_type=\"column\">\n\t\t\t<div class=\"elementor-column-wrap elementor-element-populated\">\n\t\t\t\t\t\t\t<div class=\"elementor-widget-wrap\">\n\t\t\t\t\t\t<div class=\"elementor-element elementor-element-14c3fe9 sc_fly_static elementor-widget elementor-widget-image\" data-id=\"14c3fe9\" data-element_type=\"widget\" data-widget_type=\"image.default\">\n\t\t\t\t<div class=\"elementor-widget-container\">\n\t\t\t\t\t\t\t\t<div class=\"elementor-image\">\n\t\t\t\t\t\t\t\t\t\t\t\t<img loading=\"lazy\" decoding=\"async\" width=\"1024\" height=\"1024\" src=\"https:\/\/mifasi.ge\/wp-content\/uploads\/2026\/01\/sax-1024x1024.jpg\" class=\"attachment-large size-large wp-image-23772\" alt=\"\" srcset=\"https:\/\/mifasi.ge\/wp-content\/uploads\/2026\/01\/sax-1024x1024.jpg 1024w, https:\/\/mifasi.ge\/wp-content\/uploads\/2026\/01\/sax-300x300.jpg 300w, https:\/\/mifasi.ge\/wp-content\/uploads\/2026\/01\/sax-150x150.jpg 150w, https:\/\/mifasi.ge\/wp-content\/uploads\/2026\/01\/sax-768x768.jpg 768w, https:\/\/mifasi.ge\/wp-content\/uploads\/2026\/01\/sax-12x12.jpg 12w, https:\/\/mifasi.ge\/wp-content\/uploads\/2026\/01\/sax-370x370.jpg 370w, https:\/\/mifasi.ge\/wp-content\/uploads\/2026\/01\/sax-120x120.jpg 120w, https:\/\/mifasi.ge\/wp-content\/uploads\/2026\/01\/sax-840x840.jpg 840w, https:\/\/mifasi.ge\/wp-content\/uploads\/2026\/01\/sax-410x410.jpg 410w, https:\/\/mifasi.ge\/wp-content\/uploads\/2026\/01\/sax-550x550.jpg 550w, https:\/\/mifasi.ge\/wp-content\/uploads\/2026\/01\/sax-600x600.jpg 600w, https:\/\/mifasi.ge\/wp-content\/uploads\/2026\/01\/sax.jpg 1200w\" sizes=\"auto, (max-width: 1024px) 100vw, 1024px\" \/>\t\t\t\t\t\t\t\t\t\t\t\t\t\t<\/div>\n\t\t\t\t\t\t<\/div>\n\t\t\t\t<\/div>\n\t\t\t\t\t\t<\/div>\n\t\t\t\t\t<\/div>\n\t\t<\/div>\n\t\t\t\t<div class=\"elementor-column elementor-col-20 elementor-top-column elementor-element elementor-element-14e05cd sc_inner_width_none sc_content_align_inherit sc_layouts_column_icons_position_left sc_fly_static\" data-id=\"14e05cd\" data-element_type=\"column\">\n\t\t\t<div class=\"elementor-column-wrap elementor-element-populated\">\n\t\t\t\t\t\t\t<div class=\"elementor-widget-wrap\">\n\t\t\t\t\t\t<div class=\"elementor-element elementor-element-9a0c9f4 sc_fly_static elementor-widget elementor-widget-image\" data-id=\"9a0c9f4\" data-element_type=\"widget\" data-widget_type=\"image.default\">\n\t\t\t\t<div class=\"elementor-widget-container\">\n\t\t\t\t\t\t\t\t<div class=\"elementor-image\">\n\t\t\t\t\t\t\t\t\t\t\t\t<img loading=\"lazy\" decoding=\"async\" width=\"830\" height=\"1000\" src=\"https:\/\/mifasi.ge\/wp-content\/uploads\/2026\/01\/violin.jpg\" class=\"attachment-large size-large wp-image-23773\" alt=\"\" srcset=\"https:\/\/mifasi.ge\/wp-content\/uploads\/2026\/01\/violin.jpg 830w, https:\/\/mifasi.ge\/wp-content\/uploads\/2026\/01\/violin-249x300.jpg 249w, https:\/\/mifasi.ge\/wp-content\/uploads\/2026\/01\/violin-768x925.jpg 768w, https:\/\/mifasi.ge\/wp-content\/uploads\/2026\/01\/violin-10x12.jpg 10w, https:\/\/mifasi.ge\/wp-content\/uploads\/2026\/01\/violin-370x446.jpg 370w, https:\/\/mifasi.ge\/wp-content\/uploads\/2026\/01\/violin-410x494.jpg 410w, https:\/\/mifasi.ge\/wp-content\/uploads\/2026\/01\/violin-600x723.jpg 600w\" sizes=\"auto, (max-width: 830px) 100vw, 830px\" \/>\t\t\t\t\t\t\t\t\t\t\t\t\t\t<\/div>\n\t\t\t\t\t\t<\/div>\n\t\t\t\t<\/div>\n\t\t\t\t\t\t<\/div>\n\t\t\t\t\t<\/div>\n\t\t<\/div>\n\t\t\t\t<div class=\"elementor-column elementor-col-20 elementor-top-column elementor-element elementor-element-9625110 sc_inner_width_none sc_content_align_inherit sc_layouts_column_icons_position_left sc_fly_static\" data-id=\"9625110\" data-element_type=\"column\">\n\t\t\t<div class=\"elementor-column-wrap elementor-element-populated\">\n\t\t\t\t\t\t\t<div class=\"elementor-widget-wrap\">\n\t\t\t\t\t\t<div class=\"elementor-element elementor-element-f765703 sc_fly_static elementor-widget elementor-widget-image\" data-id=\"f765703\" data-element_type=\"widget\" data-widget_type=\"image.default\">\n\t\t\t\t<div class=\"elementor-widget-container\">\n\t\t\t\t\t\t\t\t<div class=\"elementor-image\">\n\t\t\t\t\t\t\t\t\t\t\t\t<img loading=\"lazy\" decoding=\"async\" width=\"800\" height=\"800\" src=\"https:\/\/mifasi.ge\/wp-content\/uploads\/2026\/01\/acc.webp\" class=\"attachment-large size-large wp-image-23775\" alt=\"\" srcset=\"https:\/\/mifasi.ge\/wp-content\/uploads\/2026\/01\/acc.webp 800w, https:\/\/mifasi.ge\/wp-content\/uploads\/2026\/01\/acc-300x300.webp 300w, https:\/\/mifasi.ge\/wp-content\/uploads\/2026\/01\/acc-150x150.webp 150w, https:\/\/mifasi.ge\/wp-content\/uploads\/2026\/01\/acc-768x768.webp 768w, https:\/\/mifasi.ge\/wp-content\/uploads\/2026\/01\/acc-12x12.webp 12w, https:\/\/mifasi.ge\/wp-content\/uploads\/2026\/01\/acc-370x370.webp 370w, https:\/\/mifasi.ge\/wp-content\/uploads\/2026\/01\/acc-120x120.webp 120w, https:\/\/mifasi.ge\/wp-content\/uploads\/2026\/01\/acc-410x410.webp 410w, https:\/\/mifasi.ge\/wp-content\/uploads\/2026\/01\/acc-550x550.webp 550w, https:\/\/mifasi.ge\/wp-content\/uploads\/2026\/01\/acc-600x600.webp 600w\" sizes=\"auto, (max-width: 800px) 100vw, 800px\" \/>\t\t\t\t\t\t\t\t\t\t\t\t\t\t<\/div>\n\t\t\t\t\t\t<\/div>\n\t\t\t\t<\/div>\n\t\t\t\t\t\t<\/div>\n\t\t\t\t\t<\/div>\n\t\t<\/div>\n\t\t\t\t\t\t\t\t<\/div>\n\t\t\t\t\t<\/div>\n\t\t<\/section>\n\t\t\t\t\t\t\t\t\t<\/div>\n\t\t\t<\/div>\n\t\t\t\t\t<\/div>","protected":false},"excerpt":{"rendered":"<p>Moderne Baukunst: Wenn Vision auf Pr\u00e4zision trifft Der Bau eines Hauses, eines Sportkomplexes oder eines modernen Freizeitzentrums ist weit mehr als nur ein technisches Projekt \u2013 es ist die Verwirklichung&hellip;<\/p>","protected":false},"author":1,"featured_media":0,"parent":0,"menu_order":0,"comment_status":"closed","ping_status":"closed","template":"","meta":{"footnotes":""},"class_list":["post-23419","page","type-page","status-publish","hentry"],"_links":{"self":[{"href":"https:\/\/mifasi.ge\/en\/wp-json\/wp\/v2\/pages\/23419","targetHints":{"allow":["GET"]}}],"collection":[{"href":"https:\/\/mifasi.ge\/en\/wp-json\/wp\/v2\/pages"}],"about":[{"href":"https:\/\/mifasi.ge\/en\/wp-json\/wp\/v2\/types\/page"}],"author":[{"embeddable":true,"href":"https:\/\/mifasi.ge\/en\/wp-json\/wp\/v2\/users\/1"}],"replies":[{"embeddable":true,"href":"https:\/\/mifasi.ge\/en\/wp-json\/wp\/v2\/comments?post=23419"}],"version-history":[{"count":25,"href":"https:\/\/mifasi.ge\/en\/wp-json\/wp\/v2\/pages\/23419\/revisions"}],"predecessor-version":[{"id":23799,"href":"https:\/\/mifasi.ge\/en\/wp-json\/wp\/v2\/pages\/23419\/revisions\/23799"}],"wp:attachment":[{"href":"https:\/\/mifasi.ge\/en\/wp-json\/wp\/v2\/media?parent=23419"}],"curies":[{"name":"wp","href":"https:\/\/api.w.org\/{rel}","templated":true}]}}